{"id":6,"date":"2022-06-21T15:55:57","date_gmt":"2022-06-21T18:55:57","guid":{"rendered":"https:\/\/suyannelima.com\/?page_id=6"},"modified":"2025-03-18T09:48:47","modified_gmt":"2025-03-18T12:48:47","slug":"sobre","status":"publish","type":"page","link":"https:\/\/suyannelima.com\/en\/sobre\/","title":{"rendered":"About"},"content":{"rendered":"<div data-elementor-type=\"wp-page\" data-elementor-id=\"6\" class=\"elementor elementor-6\" data-elementor-post-type=\"page\">\n\t\t\t\t<div class=\"elementor-element elementor-element-5bf2f98 e-flex e-con-boxed e-con e-parent\" data-id=\"5bf2f98\" data-element_type=\"container\" data-settings=\"{&quot;background_background&quot;:&quot;classic&quot;}\">\n\t\t\t\t\t<div class=\"e-con-inner\">\n\t\t<div class=\"elementor-element elementor-element-d2987eb e-con-full e-flex e-con e-child\" data-id=\"d2987eb\" data-element_type=\"container\">\n\t\t<div class=\"elementor-element elementor-element-8f8b100 e-con-full e-flex e-con e-child\" data-id=\"8f8b100\" data-element_type=\"container\">\n\t\t\t\t<div class=\"elementor-element elementor-element-c0bb5b3 elementor-widget__width-initial elementor-widget-tablet__width-inherit elementor-widget elementor-widget-image\" data-id=\"c0bb5b3\" data-element_type=\"widget\" data-widget_type=\"image.default\">\n\t\t\t\t<div class=\"elementor-widget-container\">\n\t\t\t\t\t\t\t\t\t\t\t\t\t\t\t<img fetchpriority=\"high\" decoding=\"async\" width=\"683\" height=\"1024\" src=\"https:\/\/suyannelima.com\/wp-content\/uploads\/2023\/09\/7C4F69CC-B894-4AFA-BE94-A0677B3C5198_1_201_a-683x1024.jpeg\" class=\"attachment-large size-large wp-image-4317\" alt=\"\" srcset=\"https:\/\/suyannelima.com\/wp-content\/uploads\/2023\/09\/7C4F69CC-B894-4AFA-BE94-A0677B3C5198_1_201_a-683x1024.jpeg 683w, https:\/\/suyannelima.com\/wp-content\/uploads\/2023\/09\/7C4F69CC-B894-4AFA-BE94-A0677B3C5198_1_201_a-200x300.jpeg 200w, https:\/\/suyannelima.com\/wp-content\/uploads\/2023\/09\/7C4F69CC-B894-4AFA-BE94-A0677B3C5198_1_201_a-768x1152.jpeg 768w, https:\/\/suyannelima.com\/wp-content\/uploads\/2023\/09\/7C4F69CC-B894-4AFA-BE94-A0677B3C5198_1_201_a-1024x1536.jpeg 1024w, https:\/\/suyannelima.com\/wp-content\/uploads\/2023\/09\/7C4F69CC-B894-4AFA-BE94-A0677B3C5198_1_201_a-1365x2048.jpeg 1365w, https:\/\/suyannelima.com\/wp-content\/uploads\/2023\/09\/7C4F69CC-B894-4AFA-BE94-A0677B3C5198_1_201_a-8x12.jpeg 8w, https:\/\/suyannelima.com\/wp-content\/uploads\/2023\/09\/7C4F69CC-B894-4AFA-BE94-A0677B3C5198_1_201_a-1320x1980.jpeg 1320w, https:\/\/suyannelima.com\/wp-content\/uploads\/2023\/09\/7C4F69CC-B894-4AFA-BE94-A0677B3C5198_1_201_a-scaled.jpeg 1707w\" sizes=\"(max-width: 683px) 100vw, 683px\" \/>\t\t\t\t\t\t\t\t\t\t\t\t\t\t\t<\/div>\n\t\t\t\t<\/div>\n\t\t\t\t<\/div>\n\t\t<div class=\"elementor-element elementor-element-664d885 e-con-full e-flex e-con e-child\" data-id=\"664d885\" data-element_type=\"container\">\n\t\t\t\t<div class=\"elementor-element elementor-element-8966d8a elementor-widget elementor-widget-heading\" data-id=\"8966d8a\" data-element_type=\"widget\" data-widget_type=\"heading.default\">\n\t\t\t\t<div class=\"elementor-widget-container\">\n\t\t\t\t\t<h2 class=\"elementor-heading-title elementor-size-default\">SOBRE MIM<\/h2>\t\t\t\t<\/div>\n\t\t\t\t<\/div>\n\t\t\t\t<div class=\"elementor-element elementor-element-b1ca630 elementor-widget elementor-widget-heading\" data-id=\"b1ca630\" data-element_type=\"widget\" data-widget_type=\"heading.default\">\n\t\t\t\t<div class=\"elementor-widget-container\">\n\t\t\t\t\t<h2 class=\"elementor-heading-title elementor-size-default\">My expat journey!<\/h2>\t\t\t\t<\/div>\n\t\t\t\t<\/div>\n\t\t\t\t<div class=\"elementor-element elementor-element-2289423 elementor-widget elementor-widget-text-editor\" data-id=\"2289423\" data-element_type=\"widget\" data-widget_type=\"text-editor.default\">\n\t\t\t\t<div class=\"elementor-widget-container\">\n\t\t\t\t\t\t\t\t\t<p><span style=\"font-weight: 400;\">In order to understand my work as a therapist, it\u2019s important for me to share part<\/span><span style=\"font-weight: 400;\">\u00a0of my story with you.<\/span><span style=\"font-weight: 400;\">\u00a0<strong>My first experience as an expat<\/strong> was in 2017 when I decided to travel to England to learn English. Later I moved to Belgium. Currently I  live in the Netherlands.<\/span><\/p>\t\t\t\t\t\t\t\t<\/div>\n\t\t\t\t<\/div>\n\t\t\t\t<div class=\"elementor-element elementor-element-0fc8ed3 elementor-widget elementor-widget-text-editor\" data-id=\"0fc8ed3\" data-element_type=\"widget\" data-widget_type=\"text-editor.default\">\n\t\t\t\t<div class=\"elementor-widget-container\">\n\t\t\t\t\t\t\t\t\t<p><span style=\"font-weight: 400;\">Living abroad has always been my dream, and though it has been an incredibly valuable and transformative journey, it hasn\u2019t always been easy. <\/span><span style=\"font-weight: 400;\">While adapting to those new places, <strong>I encountered difficulties that I had never imagined.<\/strong> I felt insecure about speaking a new language or relating to people from other cultures. I missed my family and experienced difficulties finding my way through the educational system and entering the job market.<\/span><\/p>\t\t\t\t\t\t\t\t<\/div>\n\t\t\t\t<\/div>\n\t\t\t\t<div class=\"elementor-element elementor-element-c5cd2fd elementor-widget elementor-widget-text-editor\" data-id=\"c5cd2fd\" data-element_type=\"widget\" data-widget_type=\"text-editor.default\">\n\t\t\t\t<div class=\"elementor-widget-container\">\n\t\t\t\t\t\t\t\t\t<p><span style=\"font-weight: 400;\">However, during these difficult periods, I learned that seeking support from others - both my support network and professionals with expertise in psychology - is essential for me to have a <strong>healthy relationship<\/strong> with myself and those around me.<\/span><\/p>\t\t\t\t\t\t\t\t<\/div>\n\t\t\t\t<\/div>\n\t\t\t\t<\/div>\n\t\t\t\t<\/div>\n\t\t\t\t\t<\/div>\n\t\t\t\t<\/div>\n\t\t<div class=\"elementor-element elementor-element-861a720 e-flex e-con-boxed e-con e-parent\" data-id=\"861a720\" data-element_type=\"container\" data-settings=\"{&quot;background_background&quot;:&quot;classic&quot;}\">\n\t\t\t\t\t<div class=\"e-con-inner\">\n\t\t<div class=\"elementor-element elementor-element-bcd0e27 e-con-full e-flex e-con e-child\" data-id=\"bcd0e27\" data-element_type=\"container\">\n\t\t\t\t<div class=\"elementor-element elementor-element-cdbc978 elementor-widget elementor-widget-heading\" data-id=\"cdbc978\" data-element_type=\"widget\" data-widget_type=\"heading.default\">\n\t\t\t\t<div class=\"elementor-widget-container\">\n\t\t\t\t\t<h2 class=\"elementor-heading-title elementor-size-default\">SOBRE MIM<\/h2>\t\t\t\t<\/div>\n\t\t\t\t<\/div>\n\t\t\t\t<div class=\"elementor-element elementor-element-772e900 elementor-widget elementor-widget-heading\" data-id=\"772e900\" data-element_type=\"widget\" data-widget_type=\"heading.default\">\n\t\t\t\t<div class=\"elementor-widget-container\">\n\t\t\t\t\t<h2 class=\"elementor-heading-title elementor-size-default\">Seeking professional help is essential!<\/h2>\t\t\t\t<\/div>\n\t\t\t\t<\/div>\n\t\t\t\t<div class=\"elementor-element elementor-element-e605c0b elementor-widget elementor-widget-text-editor\" data-id=\"e605c0b\" data-element_type=\"widget\" data-widget_type=\"text-editor.default\">\n\t\t\t\t<div class=\"elementor-widget-container\">\n\t\t\t\t\t\t\t\t\t<p><span style=\"font-weight: 400;\">Talking to a professional who understood what I was going through helped me realize that many of the discomforts I was experiencing were due to the<strong> difficulties people experience living in another country.<\/strong> Having a better context for understanding my own struggles allowed me to be more empathetic with myself and others and to respect my therapeutic process.<\/span><\/p>\t\t\t\t\t\t\t\t<\/div>\n\t\t\t\t<\/div>\n\t\t\t\t<div class=\"elementor-element elementor-element-2aeb217 elementor-widget elementor-widget-text-editor\" data-id=\"2aeb217\" data-element_type=\"widget\" data-widget_type=\"text-editor.default\">\n\t\t\t\t<div class=\"elementor-widget-container\">\n\t\t\t\t\t\t\t\t\t<p><span style=\"font-weight: 400;\">Once I felt and witnessed the changes happening in me, and as I experienced how essential therapy was in my life, I found my purpose:<strong> to help other expatriates adapt to their new country by taking care of their psychological well-being.<\/strong> At that moment, I knew I wanted to create a space for self-knowledge, growth, and transformation for others, just as I had encountered for myself.<\/span><\/p>\t\t\t\t\t\t\t\t<\/div>\n\t\t\t\t<\/div>\n\t\t\t\t<div class=\"elementor-element elementor-element-cdd5d57 elementor-widget elementor-widget-text-editor\" data-id=\"cdd5d57\" data-element_type=\"widget\" data-widget_type=\"text-editor.default\">\n\t\t\t\t<div class=\"elementor-widget-container\">\n\t\t\t\t\t\t\t\t\t<p><span style=\"font-weight: 400;\">You may be going through a lot of difficult situations, just like I have. You may also feel paralyzed by the size of these struggles. <\/span><strong>I invite you to learn about my work and start your transformation journey with a professional who understands the challenges of an expat.<\/strong><\/p>\t\t\t\t\t\t\t\t<\/div>\n\t\t\t\t<\/div>\n\t\t\t\t<\/div>\n\t\t\t\t<div class=\"elementor-element elementor-element-92d0416 elementor-widget__width-initial elementor-widget-mobile__width-inherit elementor-widget elementor-widget-image\" data-id=\"92d0416\" data-element_type=\"widget\" data-widget_type=\"image.default\">\n\t\t\t\t<div class=\"elementor-widget-container\">\n\t\t\t\t\t\t\t\t\t\t\t\t\t\t\t<img decoding=\"async\" width=\"1707\" height=\"2560\" src=\"https:\/\/suyannelima.com\/wp-content\/uploads\/2022\/09\/8BCF94E0-0DD3-4450-8500-76AA96375ADF_1_201_a-scaled.jpeg\" class=\"attachment-full size-full wp-image-2742\" alt=\"\" \/>\t\t\t\t\t\t\t\t\t\t\t\t\t\t\t<\/div>\n\t\t\t\t<\/div>\n\t\t<div class=\"elementor-element elementor-element-0a3a5ee e-con-full e-flex e-con e-child\" data-id=\"0a3a5ee\" data-element_type=\"container\">\n\t\t\t\t<div class=\"elementor-element elementor-element-cb3c828 elementor-align-right elementor-mobile-align-center elementor-widget elementor-widget-button\" data-id=\"cb3c828\" data-element_type=\"widget\" data-widget_type=\"button.default\">\n\t\t\t\t<div class=\"elementor-widget-container\">\n\t\t\t\t\t\t\t\t\t<div class=\"elementor-button-wrapper\">\n\t\t\t\t\t<a class=\"elementor-button elementor-button-link elementor-size-sm elementor-animation-grow\" href=\"https:\/\/suyannelima.com\/en\/contato\/#Agendamento\">\n\t\t\t\t\t\t<span class=\"elementor-button-content-wrapper\">\n\t\t\t\t\t\t\t\t\t<span class=\"elementor-button-text\">Book here<\/span>\n\t\t\t\t\t<\/span>\n\t\t\t\t\t<\/a>\n\t\t\t\t<\/div>\n\t\t\t\t\t\t\t\t<\/div>\n\t\t\t\t<\/div>\n\t\t\t\t<div class=\"elementor-element elementor-element-821b9fa elementor-widget elementor-widget-heading\" data-id=\"821b9fa\" data-element_type=\"widget\" data-widget_type=\"heading.default\">\n\t\t\t\t<div class=\"elementor-widget-container\">\n\t\t\t\t\t<h2 class=\"elementor-heading-title elementor-size-default\">or<\/h2>\t\t\t\t<\/div>\n\t\t\t\t<\/div>\n\t\t\t\t<div class=\"elementor-element elementor-element-1f44fcf elementor-align-left elementor-mobile-align-center elementor-widget elementor-widget-button\" data-id=\"1f44fcf\" data-element_type=\"widget\" data-widget_type=\"button.default\">\n\t\t\t\t<div class=\"elementor-widget-container\">\n\t\t\t\t\t\t\t\t\t<div class=\"elementor-button-wrapper\">\n\t\t\t\t\t<a class=\"elementor-button elementor-button-link elementor-size-sm elementor-animation-grow\" href=\"https:\/\/suyannelima.com\/en\/contato\/#FaleComigo\">\n\t\t\t\t\t\t<span class=\"elementor-button-content-wrapper\">\n\t\t\t\t\t\t\t\t\t<span class=\"elementor-button-text\">Contact me<\/span>\n\t\t\t\t\t<\/span>\n\t\t\t\t\t<\/a>\n\t\t\t\t<\/div>\n\t\t\t\t\t\t\t\t<\/div>\n\t\t\t\t<\/div>\n\t\t\t\t<\/div>\n\t\t\t\t\t<\/div>\n\t\t\t\t<\/div>\n\t\t<div class=\"elementor-element elementor-element-9e76793 e-flex e-con-boxed e-con e-parent\" data-id=\"9e76793\" data-element_type=\"container\">\n\t\t\t\t\t<div class=\"e-con-inner\">\n\t\t<div class=\"elementor-element elementor-element-f1f4dd0 e-con-full e-flex e-con e-child\" data-id=\"f1f4dd0\" data-element_type=\"container\">\n\t\t<div class=\"elementor-element elementor-element-4f74ddf e-con-full e-flex e-con e-child\" data-id=\"4f74ddf\" data-element_type=\"container\">\n\t\t<div class=\"elementor-element elementor-element-c159397 e-con-full e-flex e-con e-child\" data-id=\"c159397\" data-element_type=\"container\">\n\t\t\t\t<div class=\"elementor-element elementor-element-482fec8 elementor-widget elementor-widget-heading\" data-id=\"482fec8\" data-element_type=\"widget\" data-widget_type=\"heading.default\">\n\t\t\t\t<div class=\"elementor-widget-container\">\n\t\t\t\t\t<h2 class=\"elementor-heading-title elementor-size-default\">SOBRE<\/h2>\t\t\t\t<\/div>\n\t\t\t\t<\/div>\n\t\t\t\t<div class=\"elementor-element elementor-element-549013a elementor-widget elementor-widget-heading\" data-id=\"549013a\" data-element_type=\"widget\" data-widget_type=\"heading.default\">\n\t\t\t\t<div class=\"elementor-widget-container\">\n\t\t\t\t\t<h2 class=\"elementor-heading-title elementor-size-default\">Mission<\/h2>\t\t\t\t<\/div>\n\t\t\t\t<\/div>\n\t\t\t\t<div class=\"elementor-element elementor-element-9e48450 elementor-widget elementor-widget-text-editor\" data-id=\"9e48450\" data-element_type=\"widget\" data-widget_type=\"text-editor.default\">\n\t\t\t\t<div class=\"elementor-widget-container\">\n\t\t\t\t\t\t\t\t\t<p><span style=\"font-weight: 400;\">My mission is to <strong><span style=\"font-size: 20px;\">normalize caring for mental health<\/span><\/strong> through a scientific, modern, and humanized psychology and by offering my clients a space for self-knowledge, growth and transformation!<\/span><\/p>\t\t\t\t\t\t\t\t<\/div>\n\t\t\t\t<\/div>\n\t\t\t\t<\/div>\n\t\t<div class=\"elementor-element elementor-element-692f4f4 e-con-full e-flex e-con e-child\" data-id=\"692f4f4\" data-element_type=\"container\">\n\t\t\t\t<div class=\"elementor-element elementor-element-e93d2a3 elementor-widget elementor-widget-image\" data-id=\"e93d2a3\" data-element_type=\"widget\" data-widget_type=\"image.default\">\n\t\t\t\t<div class=\"elementor-widget-container\">\n\t\t\t\t\t\t\t\t\t\t\t\t\t\t\t<img decoding=\"async\" width=\"683\" height=\"1024\" src=\"https:\/\/suyannelima.com\/wp-content\/uploads\/2022\/07\/pink-background-with-window-shadow-reflected-wall-683x1024.jpg\" class=\"attachment-large size-large wp-image-175\" alt=\"\" srcset=\"https:\/\/suyannelima.com\/wp-content\/uploads\/2022\/07\/pink-background-with-window-shadow-reflected-wall-683x1024.jpg 683w, https:\/\/suyannelima.com\/wp-content\/uploads\/2022\/07\/pink-background-with-window-shadow-reflected-wall-200x300.jpg 200w, https:\/\/suyannelima.com\/wp-content\/uploads\/2022\/07\/pink-background-with-window-shadow-reflected-wall-768x1152.jpg 768w, https:\/\/suyannelima.com\/wp-content\/uploads\/2022\/07\/pink-background-with-window-shadow-reflected-wall-1024x1536.jpg 1024w, https:\/\/suyannelima.com\/wp-content\/uploads\/2022\/07\/pink-background-with-window-shadow-reflected-wall-1365x2048.jpg 1365w, https:\/\/suyannelima.com\/wp-content\/uploads\/2022\/07\/pink-background-with-window-shadow-reflected-wall-scaled.jpg 1707w\" sizes=\"(max-width: 683px) 100vw, 683px\" \/>\t\t\t\t\t\t\t\t\t\t\t\t\t\t\t<\/div>\n\t\t\t\t<\/div>\n\t\t\t\t<\/div>\n\t\t<div class=\"elementor-element elementor-element-3f56357 e-con-full e-flex e-con e-child\" data-id=\"3f56357\" data-element_type=\"container\">\n\t\t\t\t<div class=\"elementor-element elementor-element-fb743d0 elementor-widget elementor-widget-heading\" data-id=\"fb743d0\" data-element_type=\"widget\" data-widget_type=\"heading.default\">\n\t\t\t\t<div class=\"elementor-widget-container\">\n\t\t\t\t\t<h2 class=\"elementor-heading-title elementor-size-default\">SOBRE<\/h2>\t\t\t\t<\/div>\n\t\t\t\t<\/div>\n\t\t\t\t<div class=\"elementor-element elementor-element-c8b04ee elementor-widget elementor-widget-heading\" data-id=\"c8b04ee\" data-element_type=\"widget\" data-widget_type=\"heading.default\">\n\t\t\t\t<div class=\"elementor-widget-container\">\n\t\t\t\t\t<h2 class=\"elementor-heading-title elementor-size-default\">Purpose<\/h2>\t\t\t\t<\/div>\n\t\t\t\t<\/div>\n\t\t\t\t<div class=\"elementor-element elementor-element-ecaff5b elementor-widget elementor-widget-text-editor\" data-id=\"ecaff5b\" data-element_type=\"widget\" data-widget_type=\"text-editor.default\">\n\t\t\t\t<div class=\"elementor-widget-container\">\n\t\t\t\t\t\t\t\t\t<p><span style=\"font-weight: 400;\">My purpose is\u00a0<strong><span style=\"font-size: 20px;\">to help expats and immigrants to live a better and more purposeful life, <\/span><\/strong><\/span><span style=\"font-weight: 400;\">by enabling them to develop, through mental health care, adequate resources to deal with the challenges and emotions that arise when living abroad.<\/span><\/p>\t\t\t\t\t\t\t\t<\/div>\n\t\t\t\t<\/div>\n\t\t\t\t<\/div>\n\t\t\t\t<\/div>\n\t\t\t\t<\/div>\n\t\t\t\t\t<\/div>\n\t\t\t\t<\/div>\n\t\t<div class=\"elementor-element elementor-element-d90a6c5 e-flex e-con-boxed e-con e-parent\" data-id=\"d90a6c5\" data-element_type=\"container\" data-settings=\"{&quot;background_background&quot;:&quot;classic&quot;}\">\n\t\t\t\t\t<div class=\"e-con-inner\">\n\t\t<div class=\"elementor-element elementor-element-c20cb29 e-con-full e-flex e-con e-child\" data-id=\"c20cb29\" data-element_type=\"container\">\n\t\t<div class=\"elementor-element elementor-element-48931d9 e-con-full e-flex e-con e-child\" data-id=\"48931d9\" data-element_type=\"container\">\n\t\t\t\t<div class=\"elementor-element elementor-element-10d3b21 elementor-widget elementor-widget-heading\" data-id=\"10d3b21\" data-element_type=\"widget\" data-widget_type=\"heading.default\">\n\t\t\t\t<div class=\"elementor-widget-container\">\n\t\t\t\t\t<h2 class=\"elementor-heading-title elementor-size-default\">SOBRE<\/h2>\t\t\t\t<\/div>\n\t\t\t\t<\/div>\n\t\t\t\t<div class=\"elementor-element elementor-element-d9cd5d3 elementor-widget elementor-widget-heading\" data-id=\"d9cd5d3\" data-element_type=\"widget\" data-widget_type=\"heading.default\">\n\t\t\t\t<div class=\"elementor-widget-container\">\n\t\t\t\t\t<h2 class=\"elementor-heading-title elementor-size-default\">Qualifications<\/h2>\t\t\t\t<\/div>\n\t\t\t\t<\/div>\n\t\t\t\t<div class=\"elementor-element elementor-element-ea556a4 elementor-position-left elementor-mobile-position-left elementor-view-default elementor-vertical-align-top elementor-widget elementor-widget-icon-box\" data-id=\"ea556a4\" data-element_type=\"widget\" data-widget_type=\"icon-box.default\">\n\t\t\t\t<div class=\"elementor-widget-container\">\n\t\t\t\t\t\t\t<div class=\"elementor-icon-box-wrapper\">\n\n\t\t\t\t\t\t<div class=\"elementor-icon-box-icon\">\n\t\t\t\t<span  class=\"elementor-icon\">\n\t\t\t\t<i aria-hidden=\"true\" class=\"fas fa-user-graduate\"><\/i>\t\t\t\t<\/span>\n\t\t\t<\/div>\n\t\t\t\n\t\t\t\t\t\t<div class=\"elementor-icon-box-content\">\n\n\t\t\t\t\t\t\t\t\t<h3 class=\"elementor-icon-box-title\">\n\t\t\t\t\t\t<span  >\n\t\t\t\t\t\t\tBachelor's degree in psychology\t\t\t\t\t\t<\/span>\n\t\t\t\t\t<\/h3>\n\t\t\t\t\n\t\t\t\t\t\t\t\t\t<p class=\"elementor-icon-box-description\">\n\t\t\t\t\t\tUniversity of Fortaleza UNIFOR - Brazil.\t\t\t\t\t<\/p>\n\t\t\t\t\n\t\t\t<\/div>\n\t\t\t\n\t\t<\/div>\n\t\t\t\t\t\t<\/div>\n\t\t\t\t<\/div>\n\t\t\t\t<div class=\"elementor-element elementor-element-39a243a elementor-position-left elementor-mobile-position-left elementor-view-default elementor-vertical-align-top elementor-widget elementor-widget-icon-box\" data-id=\"39a243a\" data-element_type=\"widget\" data-widget_type=\"icon-box.default\">\n\t\t\t\t<div class=\"elementor-widget-container\">\n\t\t\t\t\t\t\t<div class=\"elementor-icon-box-wrapper\">\n\n\t\t\t\t\t\t<div class=\"elementor-icon-box-icon\">\n\t\t\t\t<span  class=\"elementor-icon\">\n\t\t\t\t<i aria-hidden=\"true\" class=\"fas fa-graduation-cap\"><\/i>\t\t\t\t<\/span>\n\t\t\t<\/div>\n\t\t\t\n\t\t\t\t\t\t<div class=\"elementor-icon-box-content\">\n\n\t\t\t\t\t\t\t\t\t<h3 class=\"elementor-icon-box-title\">\n\t\t\t\t\t\t<span  >\n\t\t\t\t\t\t\tMaster's degree in clinical psychology\t\t\t\t\t\t<\/span>\n\t\t\t\t\t<\/h3>\n\t\t\t\t\n\t\t\t\t\t\t\t\t\t<p class=\"elementor-icon-box-description\">\n\t\t\t\t\t\tUtrecht University - The Netherlands.\t\t\t\t\t<\/p>\n\t\t\t\t\n\t\t\t<\/div>\n\t\t\t\n\t\t<\/div>\n\t\t\t\t\t\t<\/div>\n\t\t\t\t<\/div>\n\t\t\t\t<div class=\"elementor-element elementor-element-a4e0261 elementor-widget elementor-widget-heading\" data-id=\"a4e0261\" data-element_type=\"widget\" data-widget_type=\"heading.default\">\n\t\t\t\t<div class=\"elementor-widget-container\">\n\t\t\t\t\t<h2 class=\"elementor-heading-title elementor-size-default\">Read my master\u2019s thesis here!<\/h2>\t\t\t\t<\/div>\n\t\t\t\t<\/div>\n\t\t\t\t<div class=\"elementor-element elementor-element-55efb6c elementor-widget elementor-widget-heading\" data-id=\"55efb6c\" data-element_type=\"widget\" data-widget_type=\"heading.default\">\n\t\t\t\t<div class=\"elementor-widget-container\">\n\t\t\t\t\t<h2 class=\"elementor-heading-title elementor-size-default\">The psychological well-being of bicultural young adults in the Netherlands.<\/h2>\t\t\t\t<\/div>\n\t\t\t\t<\/div>\n\t\t\t\t<div class=\"elementor-element elementor-element-1e6ab7d elementor-widget elementor-widget-button\" data-id=\"1e6ab7d\" data-element_type=\"widget\" data-widget_type=\"button.default\">\n\t\t\t\t<div class=\"elementor-widget-container\">\n\t\t\t\t\t\t\t\t\t<div class=\"elementor-button-wrapper\">\n\t\t\t\t\t<a class=\"elementor-button elementor-button-link elementor-size-sm elementor-animation-grow\" href=\"https:\/\/studenttheses.uu.nl\/handle\/20.500.12932\/42578\">\n\t\t\t\t\t\t<span class=\"elementor-button-content-wrapper\">\n\t\t\t\t\t\t\t\t\t<span class=\"elementor-button-text\">Read here<\/span>\n\t\t\t\t\t<\/span>\n\t\t\t\t\t<\/a>\n\t\t\t\t<\/div>\n\t\t\t\t\t\t\t\t<\/div>\n\t\t\t\t<\/div>\n\t\t\t\t<\/div>\n\t\t<div class=\"elementor-element elementor-element-42656e1 e-con-full e-flex e-con e-child\" data-id=\"42656e1\" data-element_type=\"container\">\n\t\t\t\t<div class=\"elementor-element elementor-element-b21e39d elementor-widget elementor-widget-image\" data-id=\"b21e39d\" data-element_type=\"widget\" data-widget_type=\"image.default\">\n\t\t\t\t<div class=\"elementor-widget-container\">\n\t\t\t\t\t\t\t\t\t\t\t\t\t\t\t<img loading=\"lazy\" decoding=\"async\" width=\"683\" height=\"1024\" src=\"https:\/\/suyannelima.com\/wp-content\/uploads\/2022\/09\/B177C961-AB16-4CD3-8760-063DA510E938-scaled.jpeg\" class=\"attachment-large size-large wp-image-2746\" alt=\"\" \/>\t\t\t\t\t\t\t\t\t\t\t\t\t\t\t<\/div>\n\t\t\t\t<\/div>\n\t\t\t\t<\/div>\n\t\t\t\t<\/div>\n\t\t\t\t\t<\/div>\n\t\t\t\t<\/div>\n\t\t\t\t<\/div>","protected":false},"excerpt":{"rendered":"<p>SOBRE MIM Minha jornada at\u00e9 aqui! Para entender meu trabalho como terapeuta, \u00e9 importante que voc\u00ea saiba um pouco\u00a0sobre a minha hist\u00f3ria.\u00a0Minha primeira experi\u00eancia morando fora do Brasil foi em 2017, quando decidi viajar para a Inglaterra para aprender ingl\u00eas. Desde ent\u00e3o, morei tamb\u00e9m na B\u00e9lgica e, atualmente, na Holanda. Morar no exterior sempre foi [&hellip;]<\/p>","protected":false},"author":1,"featured_media":0,"parent":0,"menu_order":0,"comment_status":"closed","ping_status":"closed","template":"elementor_header_footer","meta":{"om_disable_all_campaigns":false,"_monsterinsights_skip_tracking":false,"_monsterinsights_sitenote_active":false,"_monsterinsights_sitenote_note":"","_monsterinsights_sitenote_category":0,"footnotes":""},"class_list":["post-6","page","type-page","status-publish","hentry"],"aioseo_notices":[],"_links":{"self":[{"href":"https:\/\/suyannelima.com\/en\/wp-json\/wp\/v2\/pages\/6","targetHints":{"allow":["GET"]}}],"collection":[{"href":"https:\/\/suyannelima.com\/en\/wp-json\/wp\/v2\/pages"}],"about":[{"href":"https:\/\/suyannelima.com\/en\/wp-json\/wp\/v2\/types\/page"}],"author":[{"embeddable":true,"href":"https:\/\/suyannelima.com\/en\/wp-json\/wp\/v2\/users\/1"}],"replies":[{"embeddable":true,"href":"https:\/\/suyannelima.com\/en\/wp-json\/wp\/v2\/comments?post=6"}],"version-history":[{"count":687,"href":"https:\/\/suyannelima.com\/en\/wp-json\/wp\/v2\/pages\/6\/revisions"}],"predecessor-version":[{"id":4537,"href":"https:\/\/suyannelima.com\/en\/wp-json\/wp\/v2\/pages\/6\/revisions\/4537"}],"wp:attachment":[{"href":"https:\/\/suyannelima.com\/en\/wp-json\/wp\/v2\/media?parent=6"}],"curies":[{"name":"wp","href":"https:\/\/api.w.org\/{rel}","templated":true}]}}